{"id":16,"date":"2017-12-13T08:38:46","date_gmt":"2017-12-13T08:38:46","guid":{"rendered":"https:\/\/websitedemos.net\/artist-02\/?page_id=12"},"modified":"2020-06-11T23:03:47","modified_gmt":"2020-06-11T21:03:47","slug":"contact","status":"publish","type":"page","link":"https:\/\/www.novilis.at\/yachtletters\/contact\/","title":{"rendered":"Contact"},"content":{"rendered":"\t\t<div data-elementor-type=\"wp-post\" data-elementor-id=\"16\" class=\"elementor elementor-16\">\n\t\t\t\t\t\t<section class=\"elementor-section elementor-top-section elementor-element elementor-element-fae5fb9 elementor-section-boxed elementor-section-height-default elementor-section-height-default\" data-id=\"fae5fb9\" data-element_type=\"section\" data-settings=\"{&quot;background_background&quot;:&quot;gradient&quot;}\">\n\t\t\t\t\t\t<div class=\"elementor-container elementor-column-gap-default\">\n\t\t\t\t\t<div class=\"elementor-column elementor-col-100 elementor-top-column elementor-element elementor-element-357ba4e\" data-id=\"357ba4e\" data-element_type=\"column\">\n\t\t\t<div class=\"elementor-widget-wrap elementor-element-populated\">\n\t\t\t\t\t\t<div class=\"elementor-element elementor-element-40400552 elementor-widget elementor-widget-heading\" data-id=\"40400552\" data-element_type=\"widget\" data-widget_type=\"heading.default\">\n\t\t\t\t<div class=\"elementor-widget-container\">\n\t\t\t<h1 class=\"elementor-heading-title elementor-size-default\">Kontakt<\/h1>\t\t<\/div>\n\t\t\t\t<\/div>\n\t\t\t\t<div class=\"elementor-element elementor-element-45c4cb0 animated-slow elementor-invisible elementor-widget elementor-widget-google_maps\" data-id=\"45c4cb0\" data-element_type=\"widget\" data-settings=\"{&quot;_animation&quot;:&quot;fadeIn&quot;}\" data-widget_type=\"google_maps.default\">\n\t\t\t\t<div class=\"elementor-widget-container\">\n\t\t\t\t\t<div class=\"elementor-custom-embed\">\n\t\t\t<iframe loading=\"lazy\"\n\t\t\t\t\tsrc=\"https:\/\/maps.google.com\/maps?q=Forstnergasse%209%2C%20Wien%2C%20%C3%96sterreich&#038;t=m&#038;z=15&#038;output=embed&#038;iwloc=near\"\n\t\t\t\t\ttitle=\"Forstnergasse 9, Wien, \u00d6sterreich\"\n\t\t\t\t\taria-label=\"Forstnergasse 9, Wien, \u00d6sterreich\"\n\t\t\t><\/iframe>\n\t\t<\/div>\n\t\t\t\t<\/div>\n\t\t\t\t<\/div>\n\t\t\t\t<div class=\"elementor-element elementor-element-ae54276 elementor-widget elementor-widget-heading\" data-id=\"ae54276\" data-element_type=\"widget\" data-widget_type=\"heading.default\">\n\t\t\t\t<div class=\"elementor-widget-container\">\n\t\t\t<h4 class=\"elementor-heading-title elementor-size-default\"><b>Designb\u00fcro:<\/b> Forstnergasse 9, 1220 Wien, \u00d6sterreich<br><b>Distributionslager:<\/b> Viendorf 104, 2013 G\u00f6llersdorf, \u00d6sterreich<br><br><i><span data-elementor-setting-key=\"title\" data-pen-placeholder=\"Eingabe hier...\" style=\"font-size: 1.3333333333333rem; margin-bottom: 20px; clear: both; line-height: 1.5;\">Besichtigungsm\u00f6glichkeiten unserer Produkte auf Anfrage<\/span><\/i><\/h4>\t\t<\/div>\n\t\t\t\t<\/div>\n\t\t\t\t\t<\/div>\n\t\t<\/div>\n\t\t\t\t\t<\/div>\n\t\t<\/section>\n\t\t\t\t<section class=\"elementor-section elementor-top-section elementor-element elementor-element-c91ed77 elementor-section-boxed elementor-section-height-default elementor-section-height-default\" data-id=\"c91ed77\" data-element_type=\"section\">\n\t\t\t\t\t\t<div class=\"elementor-container elementor-column-gap-default\">\n\t\t\t\t\t<div class=\"elementor-column elementor-col-50 elementor-top-column elementor-element elementor-element-19da098\" data-id=\"19da098\" data-element_type=\"column\">\n\t\t\t<div class=\"elementor-widget-wrap elementor-element-populated\">\n\t\t\t\t\t\t<div class=\"elementor-element elementor-element-7801018 elementor-align-center elementor-widget elementor-widget-button\" data-id=\"7801018\" data-element_type=\"widget\" data-widget_type=\"button.default\">\n\t\t\t\t<div class=\"elementor-widget-container\">\n\t\t\t\t\t<div class=\"elementor-button-wrapper\">\n\t\t\t<a class=\"elementor-button elementor-button-link elementor-size-lg\" href=\"#\">\n\t\t\t\t\t\t<span class=\"elementor-button-content-wrapper\">\n\t\t\t\t\t\t<span class=\"elementor-button-icon\">\n\t\t\t\t<i aria-hidden=\"true\" class=\"far fa-envelope\"><\/i>\t\t\t<\/span>\n\t\t\t\t\t\t\t\t\t<span class=\"elementor-button-text\">office@novilis.at<\/span>\n\t\t\t\t\t<\/span>\n\t\t\t\t\t<\/a>\n\t\t<\/div>\n\t\t\t\t<\/div>\n\t\t\t\t<\/div>\n\t\t\t\t\t<\/div>\n\t\t<\/div>\n\t\t\t\t<div class=\"elementor-column elementor-col-50 elementor-top-column elementor-element elementor-element-e1751e2\" data-id=\"e1751e2\" data-element_type=\"column\">\n\t\t\t<div class=\"elementor-widget-wrap elementor-element-populated\">\n\t\t\t\t\t\t<div class=\"elementor-element elementor-element-4faf65b elementor-align-center elementor-widget elementor-widget-button\" data-id=\"4faf65b\" data-element_type=\"widget\" data-widget_type=\"button.default\">\n\t\t\t\t<div class=\"elementor-widget-container\">\n\t\t\t\t\t<div class=\"elementor-button-wrapper\">\n\t\t\t<a class=\"elementor-button elementor-button-link elementor-size-lg\" href=\"#\">\n\t\t\t\t\t\t<span class=\"elementor-button-content-wrapper\">\n\t\t\t\t\t\t<span class=\"elementor-button-icon\">\n\t\t\t\t<i aria-hidden=\"true\" class=\"fas fa-phone-alt\"><\/i>\t\t\t<\/span>\n\t\t\t\t\t\t\t\t\t<span class=\"elementor-button-text\">+43 660 4005124<\/span>\n\t\t\t\t\t<\/span>\n\t\t\t\t\t<\/a>\n\t\t<\/div>\n\t\t\t\t<\/div>\n\t\t\t\t<\/div>\n\t\t\t\t\t<\/div>\n\t\t<\/div>\n\t\t\t\t\t<\/div>\n\t\t<\/section>\n\t\t\t\t<section class=\"elementor-section elementor-top-section elementor-element elementor-element-88fe7cc elementor-section-content-middle elementor-section-boxed elementor-section-height-default elementor-section-height-default\" data-id=\"88fe7cc\" data-element_type=\"section\" data-settings=\"{&quot;background_background&quot;:&quot;classic&quot;}\">\n\t\t\t\t\t\t<div class=\"elementor-container elementor-column-gap-default\">\n\t\t\t\t\t<div class=\"elementor-column elementor-col-100 elementor-top-column elementor-element elementor-element-85ea6d5\" data-id=\"85ea6d5\" data-element_type=\"column\">\n\t\t\t<div class=\"elementor-widget-wrap elementor-element-populated\">\n\t\t\t\t\t\t<div class=\"elementor-element elementor-element-c9e7195 elementor-widget elementor-widget-heading\" data-id=\"c9e7195\" data-element_type=\"widget\" data-widget_type=\"heading.default\">\n\t\t\t\t<div class=\"elementor-widget-container\">\n\t\t\t<h3 class=\"elementor-heading-title elementor-size-default\">Shop Kategorien<\/h3>\t\t<\/div>\n\t\t\t\t<\/div>\n\t\t\t\t<div class=\"elementor-element elementor-element-39f5717 elementor-widget elementor-widget-shortcode\" data-id=\"39f5717\" data-element_type=\"widget\" data-widget_type=\"shortcode.default\">\n\t\t\t\t<div class=\"elementor-widget-container\">\n\t\t\t\t\t<div class=\"elementor-shortcode\"><div class=\"woocommerce columns-3\"><ul class=\"products columns-3\">\n<li class=\"product-category product first\">\n\t<a aria-label=\"Produktkategorie Accessoires besuchen\" href=\"https:\/\/www.novilis.at\/yachtletters\/product-category\/accessoires\/\"><img fetchpriority=\"high\" decoding=\"async\" src=\"https:\/\/i0.wp.com\/www.novilis.at\/yachtletters\/wp-content\/uploads\/2020\/03\/anchor_thumbnail.jpg?resize=300%2C300&#038;ssl=1\" alt=\"Accessoires\" width=\"300\" height=\"300\" srcset=\"https:\/\/i0.wp.com\/www.novilis.at\/yachtletters\/wp-content\/uploads\/2020\/03\/anchor_thumbnail.jpg?resize=150%2C150&amp;ssl=1 150w, https:\/\/i0.wp.com\/www.novilis.at\/yachtletters\/wp-content\/uploads\/2020\/03\/anchor_thumbnail.jpg?resize=300%2C300&amp;ssl=1 300w, https:\/\/i0.wp.com\/www.novilis.at\/yachtletters\/wp-content\/uploads\/2020\/03\/anchor_thumbnail.jpg?resize=100%2C100&amp;ssl=1 100w, https:\/\/i0.wp.com\/www.novilis.at\/yachtletters\/wp-content\/uploads\/2020\/03\/anchor_thumbnail.jpg?zoom=2&amp;resize=300%2C300&amp;ssl=1 600w\" sizes=\"(max-width: 300px) 100vw, 300px\" \/>\t\t<h2 class=\"woocommerce-loop-category__title\">\n\t\t\tAccessoires<mark class=\"count\">2 Produkte<\/mark>\t\t<\/h2>\n\t\t<\/a><\/li>\n<li class=\"product-category product\">\n\t<a aria-label=\"Produktkategorie Unkategorisiert besuchen\" href=\"https:\/\/www.novilis.at\/yachtletters\/product-category\/uncategorized\/\"><img decoding=\"async\" src=\"https:\/\/i0.wp.com\/www.novilis.at\/yachtletters\/wp-content\/uploads\/woocommerce-placeholder.png?resize=300%2C300&#038;ssl=1\" alt=\"Unkategorisiert\" width=\"300\" height=\"300\" \/>\t\t<h2 class=\"woocommerce-loop-category__title\">\n\t\t\tUnkategorisiert<mark class=\"count\">3 Produkte<\/mark>\t\t<\/h2>\n\t\t<\/a><\/li>\n<li class=\"product-category product last\">\n\t<a aria-label=\"Produktkategorie Unterwasserbeleuchtung besuchen\" href=\"https:\/\/www.novilis.at\/yachtletters\/product-category\/unterwasser\/\"><img decoding=\"async\" src=\"https:\/\/i0.wp.com\/www.novilis.at\/yachtletters\/wp-content\/uploads\/2020\/03\/underwater_thumbnail.jpg?resize=300%2C300&#038;ssl=1\" alt=\"Unterwasserbeleuchtung\" width=\"300\" height=\"300\" srcset=\"https:\/\/i0.wp.com\/www.novilis.at\/yachtletters\/wp-content\/uploads\/2020\/03\/underwater_thumbnail.jpg?resize=150%2C150&amp;ssl=1 150w, https:\/\/i0.wp.com\/www.novilis.at\/yachtletters\/wp-content\/uploads\/2020\/03\/underwater_thumbnail.jpg?resize=300%2C300&amp;ssl=1 300w, https:\/\/i0.wp.com\/www.novilis.at\/yachtletters\/wp-content\/uploads\/2020\/03\/underwater_thumbnail.jpg?resize=100%2C100&amp;ssl=1 100w, https:\/\/i0.wp.com\/www.novilis.at\/yachtletters\/wp-content\/uploads\/2020\/03\/underwater_thumbnail.jpg?zoom=2&amp;resize=300%2C300&amp;ssl=1 600w, https:\/\/i0.wp.com\/www.novilis.at\/yachtletters\/wp-content\/uploads\/2020\/03\/underwater_thumbnail.jpg?zoom=3&amp;resize=300%2C300&amp;ssl=1 900w\" sizes=\"(max-width: 300px) 100vw, 300px\" \/>\t\t<h2 class=\"woocommerce-loop-category__title\">\n\t\t\tUnterwasserbeleuchtung<mark class=\"count\">4 Produkte<\/mark>\t\t<\/h2>\n\t\t<\/a><\/li>\n<li class=\"product-category product first\">\n\t<a aria-label=\"Produktkategorie Yachtbuchstaben besuchen\" href=\"https:\/\/www.novilis.at\/yachtletters\/product-category\/yachtbuchstaben\/\"><img loading=\"lazy\" decoding=\"async\" src=\"https:\/\/i0.wp.com\/www.novilis.at\/yachtletters\/wp-content\/uploads\/2020\/03\/sunrise_thumbnail.jpg?resize=300%2C300&#038;ssl=1\" alt=\"Yachtbuchstaben\" width=\"300\" height=\"300\" srcset=\"https:\/\/i0.wp.com\/www.novilis.at\/yachtletters\/wp-content\/uploads\/2020\/03\/sunrise_thumbnail.jpg?resize=150%2C150&amp;ssl=1 150w, https:\/\/i0.wp.com\/www.novilis.at\/yachtletters\/wp-content\/uploads\/2020\/03\/sunrise_thumbnail.jpg?resize=300%2C300&amp;ssl=1 300w, https:\/\/i0.wp.com\/www.novilis.at\/yachtletters\/wp-content\/uploads\/2020\/03\/sunrise_thumbnail.jpg?resize=100%2C100&amp;ssl=1 100w, https:\/\/i0.wp.com\/www.novilis.at\/yachtletters\/wp-content\/uploads\/2020\/03\/sunrise_thumbnail.jpg?zoom=2&amp;resize=300%2C300&amp;ssl=1 600w\" sizes=\"(max-width: 300px) 100vw, 300px\" \/>\t\t<h2 class=\"woocommerce-loop-category__title\">\n\t\t\tYachtbuchstaben<mark class=\"count\">4 Produkte<\/mark>\t\t<\/h2>\n\t\t<\/a><\/li>\n<\/ul>\n<\/div><\/div>\n\t\t\t\t<\/div>\n\t\t\t\t<\/div>\n\t\t\t\t\t<\/div>\n\t\t<\/div>\n\t\t\t\t\t<\/div>\n\t\t<\/section>\n\t\t\t\t<\/div>\n\t\t","protected":false},"excerpt":{"rendered":"<p>Kontakt Designb\u00fcro: Forstnergasse 9, 1220 Wien, \u00d6sterreichDistributionslager: Viendorf 104, 2013 G\u00f6llersdorf, \u00d6sterreich Besichtigungsm\u00f6glichkeiten unserer Produkte auf Anfrage office@novilis.at +43 660 4005124 Shop Kategorien<\/p>\n","protected":false},"author":1,"featured_media":0,"parent":0,"menu_order":0,"comment_status":"closed","ping_status":"closed","template":"","meta":{"_monsterinsights_skip_tracking":false,"_monsterinsights_sitenote_active":false,"_monsterinsights_sitenote_note":"","_monsterinsights_sitenote_category":0,"site-sidebar-layout":"no-sidebar","site-content-layout":"page-builder","ast-site-content-layout":"","site-content-style":"default","site-sidebar-style":"default","ast-global-header-display":"","ast-banner-title-visibility":"","ast-main-header-display":"","ast-hfb-above-header-display":"","ast-hfb-below-header-display":"","ast-hfb-mobile-header-display":"","site-post-title":"disabled","ast-breadcrumbs-content":"","ast-featured-img":"disabled","footer-sml-layout":"","theme-transparent-header-meta":"","adv-header-id-meta":"","stick-header-meta":"","header-above-stick-meta":"","header-main-stick-meta":"","header-below-stick-meta":"","astra-migrate-meta-layouts":"default","ast-page-background-enabled":"default","ast-page-background-meta":{"desktop":{"background-color":"","background-image":"","background-repeat":"repeat","background-position":"center center","background-size":"auto","background-attachment":"scroll","background-type":"","background-media":"","overlay-type":"","overlay-color":"","overlay-gradient":""},"tablet":{"background-color":"","background-image":"","background-repeat":"repeat","background-position":"center center","background-size":"auto","background-attachment":"scroll","background-type":"","background-media":"","overlay-type":"","overlay-color":"","overlay-gradient":""},"mobile":{"background-color":"","background-image":"","background-repeat":"repeat","background-position":"center center","background-size":"auto","background-attachment":"scroll","background-type":"","background-media":"","overlay-type":"","overlay-color":"","overlay-gradient":""}},"ast-content-background-meta":{"desktop":{"background-color":"var(--ast-global-color-5)","background-image":"","background-repeat":"repeat","background-position":"center center","background-size":"auto","background-attachment":"scroll","background-type":"","background-media":"","overlay-type":"","overlay-color":"","overlay-gradient":""},"tablet":{"background-color":"var(--ast-global-color-5)","background-image":"","background-repeat":"repeat","background-position":"center center","background-size":"auto","background-attachment":"scroll","background-type":"","background-media":"","overlay-type":"","overlay-color":"","overlay-gradient":""},"mobile":{"background-color":"var(--ast-global-color-5)","background-image":"","background-repeat":"repeat","background-position":"center center","background-size":"auto","background-attachment":"scroll","background-type":"","background-media":"","overlay-type":"","overlay-color":"","overlay-gradient":""}},"footnotes":""},"class_list":["post-16","page","type-page","status-publish","hentry"],"yoast_head":"<!-- This site is optimized with the Yoast SEO plugin v23.1 - https:\/\/yoast.com\/wordpress\/plugins\/seo\/ -->\n<title>Contact - NOVILIS - Yachtbeleuchtungen und LED-Buchstaben<\/title>\n<meta name=\"description\" content=\"die durchdachtesten LED beleuchteten Yachtbuchstaben zum Bestpreis, the best engineered LED Yacht letters on the market for the best price!\" \/>\n<meta name=\"robots\" content=\"index, follow, max-snippet:-1, max-image-preview:large, max-video-preview:-1\" \/>\n<link rel=\"canonical\" href=\"https:\/\/www.novilis.at\/yachtletters\/contact\/\" \/>\n<meta property=\"og:locale\" content=\"de_DE\" \/>\n<meta property=\"og:type\" content=\"article\" \/>\n<meta property=\"og:title\" content=\"Contact - NOVILIS - Yachtbeleuchtungen und LED-Buchstaben\" \/>\n<meta property=\"og:description\" content=\"die durchdachtesten LED beleuchteten Yachtbuchstaben zum Bestpreis, the best engineered LED Yacht letters on the market for the best price!\" \/>\n<meta property=\"og:url\" content=\"https:\/\/www.novilis.at\/yachtletters\/contact\/\" \/>\n<meta property=\"og:site_name\" content=\"NOVILIS - Yachtbeleuchtungen und LED-Buchstaben\" \/>\n<meta property=\"article:publisher\" content=\"https:\/\/www.facebook.com\/novilisperformance\" \/>\n<meta property=\"article:modified_time\" content=\"2020-06-11T21:03:47+00:00\" \/>\n<meta name=\"twitter:card\" content=\"summary_large_image\" \/>\n<meta name=\"twitter:site\" content=\"@NovilisCTD\" \/>\n<script type=\"application\/ld+json\" class=\"yoast-schema-graph\">{\"@context\":\"https:\/\/schema.org\",\"@graph\":[{\"@type\":\"WebPage\",\"@id\":\"https:\/\/www.novilis.at\/yachtletters\/contact\/\",\"url\":\"https:\/\/www.novilis.at\/yachtletters\/contact\/\",\"name\":\"Contact - NOVILIS - Yachtbeleuchtungen und LED-Buchstaben\",\"isPartOf\":{\"@id\":\"https:\/\/www.novilis.at\/yachtletters\/#website\"},\"datePublished\":\"2017-12-13T08:38:46+00:00\",\"dateModified\":\"2020-06-11T21:03:47+00:00\",\"description\":\"die durchdachtesten LED beleuchteten Yachtbuchstaben zum Bestpreis, the best engineered LED Yacht letters on the market for the best price!\",\"breadcrumb\":{\"@id\":\"https:\/\/www.novilis.at\/yachtletters\/contact\/#breadcrumb\"},\"inLanguage\":\"de\",\"potentialAction\":[{\"@type\":\"ReadAction\",\"target\":[\"https:\/\/www.novilis.at\/yachtletters\/contact\/\"]}]},{\"@type\":\"BreadcrumbList\",\"@id\":\"https:\/\/www.novilis.at\/yachtletters\/contact\/#breadcrumb\",\"itemListElement\":[{\"@type\":\"ListItem\",\"position\":1,\"name\":\"Startseite\",\"item\":\"https:\/\/www.novilis.at\/yachtletters\/\"},{\"@type\":\"ListItem\",\"position\":2,\"name\":\"Contact\"}]},{\"@type\":\"WebSite\",\"@id\":\"https:\/\/www.novilis.at\/yachtletters\/#website\",\"url\":\"https:\/\/www.novilis.at\/yachtletters\/\",\"name\":\"NOVILIS - Yachtbeleuchtungen und LED-Buchstaben\",\"description\":\"Capture the Dream\",\"publisher\":{\"@id\":\"https:\/\/www.novilis.at\/yachtletters\/#organization\"},\"potentialAction\":[{\"@type\":\"SearchAction\",\"target\":{\"@type\":\"EntryPoint\",\"urlTemplate\":\"https:\/\/www.novilis.at\/yachtletters\/?s={search_term_string}\"},\"query-input\":\"required name=search_term_string\"}],\"inLanguage\":\"de\"},{\"@type\":\"Organization\",\"@id\":\"https:\/\/www.novilis.at\/yachtletters\/#organization\",\"name\":\"Novilis Performance e.U.\",\"url\":\"https:\/\/www.novilis.at\/yachtletters\/\",\"logo\":{\"@type\":\"ImageObject\",\"inLanguage\":\"de\",\"@id\":\"https:\/\/www.novilis.at\/yachtletters\/#\/schema\/logo\/image\/\",\"url\":\"https:\/\/i0.wp.com\/www.novilis.at\/yachtletters\/wp-content\/uploads\/2020\/03\/Novilis_logo_2015-2_weissgrau_small.png?fit=726%2C112&ssl=1\",\"contentUrl\":\"https:\/\/i0.wp.com\/www.novilis.at\/yachtletters\/wp-content\/uploads\/2020\/03\/Novilis_logo_2015-2_weissgrau_small.png?fit=726%2C112&ssl=1\",\"width\":726,\"height\":112,\"caption\":\"Novilis Performance e.U.\"},\"image\":{\"@id\":\"https:\/\/www.novilis.at\/yachtletters\/#\/schema\/logo\/image\/\"},\"sameAs\":[\"https:\/\/www.facebook.com\/novilisperformance\",\"https:\/\/x.com\/NovilisCTD\",\"https:\/\/www.instagram.com\/novilisyachting\/\",\"https:\/\/www.linkedin.com\/company\/novilis-performance\/\",\"https:\/\/www.youtube.com\/channel\/UCkQDrQ4_T63t8dNokN85iRg\"]}]}<\/script>\n<!-- \/ Yoast SEO plugin. -->","yoast_head_json":{"title":"Contact - NOVILIS - Yachtbeleuchtungen und LED-Buchstaben","description":"die durchdachtesten LED beleuchteten Yachtbuchstaben zum Bestpreis, the best engineered LED Yacht letters on the market for the best price!","robots":{"index":"index","follow":"follow","max-snippet":"max-snippet:-1","max-image-preview":"max-image-preview:large","max-video-preview":"max-video-preview:-1"},"canonical":"https:\/\/www.novilis.at\/yachtletters\/contact\/","og_locale":"de_DE","og_type":"article","og_title":"Contact - NOVILIS - Yachtbeleuchtungen und LED-Buchstaben","og_description":"die durchdachtesten LED beleuchteten Yachtbuchstaben zum Bestpreis, the best engineered LED Yacht letters on the market for the best price!","og_url":"https:\/\/www.novilis.at\/yachtletters\/contact\/","og_site_name":"NOVILIS - Yachtbeleuchtungen und LED-Buchstaben","article_publisher":"https:\/\/www.facebook.com\/novilisperformance","article_modified_time":"2020-06-11T21:03:47+00:00","twitter_card":"summary_large_image","twitter_site":"@NovilisCTD","schema":{"@context":"https:\/\/schema.org","@graph":[{"@type":"WebPage","@id":"https:\/\/www.novilis.at\/yachtletters\/contact\/","url":"https:\/\/www.novilis.at\/yachtletters\/contact\/","name":"Contact - NOVILIS - Yachtbeleuchtungen und LED-Buchstaben","isPartOf":{"@id":"https:\/\/www.novilis.at\/yachtletters\/#website"},"datePublished":"2017-12-13T08:38:46+00:00","dateModified":"2020-06-11T21:03:47+00:00","description":"die durchdachtesten LED beleuchteten Yachtbuchstaben zum Bestpreis, the best engineered LED Yacht letters on the market for the best price!","breadcrumb":{"@id":"https:\/\/www.novilis.at\/yachtletters\/contact\/#breadcrumb"},"inLanguage":"de","potentialAction":[{"@type":"ReadAction","target":["https:\/\/www.novilis.at\/yachtletters\/contact\/"]}]},{"@type":"BreadcrumbList","@id":"https:\/\/www.novilis.at\/yachtletters\/contact\/#breadcrumb","itemListElement":[{"@type":"ListItem","position":1,"name":"Startseite","item":"https:\/\/www.novilis.at\/yachtletters\/"},{"@type":"ListItem","position":2,"name":"Contact"}]},{"@type":"WebSite","@id":"https:\/\/www.novilis.at\/yachtletters\/#website","url":"https:\/\/www.novilis.at\/yachtletters\/","name":"NOVILIS - Yachtbeleuchtungen und LED-Buchstaben","description":"Capture the Dream","publisher":{"@id":"https:\/\/www.novilis.at\/yachtletters\/#organization"},"potentialAction":[{"@type":"SearchAction","target":{"@type":"EntryPoint","urlTemplate":"https:\/\/www.novilis.at\/yachtletters\/?s={search_term_string}"},"query-input":"required name=search_term_string"}],"inLanguage":"de"},{"@type":"Organization","@id":"https:\/\/www.novilis.at\/yachtletters\/#organization","name":"Novilis Performance e.U.","url":"https:\/\/www.novilis.at\/yachtletters\/","logo":{"@type":"ImageObject","inLanguage":"de","@id":"https:\/\/www.novilis.at\/yachtletters\/#\/schema\/logo\/image\/","url":"https:\/\/i0.wp.com\/www.novilis.at\/yachtletters\/wp-content\/uploads\/2020\/03\/Novilis_logo_2015-2_weissgrau_small.png?fit=726%2C112&ssl=1","contentUrl":"https:\/\/i0.wp.com\/www.novilis.at\/yachtletters\/wp-content\/uploads\/2020\/03\/Novilis_logo_2015-2_weissgrau_small.png?fit=726%2C112&ssl=1","width":726,"height":112,"caption":"Novilis Performance e.U."},"image":{"@id":"https:\/\/www.novilis.at\/yachtletters\/#\/schema\/logo\/image\/"},"sameAs":["https:\/\/www.facebook.com\/novilisperformance","https:\/\/x.com\/NovilisCTD","https:\/\/www.instagram.com\/novilisyachting\/","https:\/\/www.linkedin.com\/company\/novilis-performance\/","https:\/\/www.youtube.com\/channel\/UCkQDrQ4_T63t8dNokN85iRg"]}]}},"jetpack_sharing_enabled":true,"_links":{"self":[{"href":"https:\/\/www.novilis.at\/yachtletters\/wp-json\/wp\/v2\/pages\/16","targetHints":{"allow":["GET"]}}],"collection":[{"href":"https:\/\/www.novilis.at\/yachtletters\/wp-json\/wp\/v2\/pages"}],"about":[{"href":"https:\/\/www.novilis.at\/yachtletters\/wp-json\/wp\/v2\/types\/page"}],"author":[{"embeddable":true,"href":"https:\/\/www.novilis.at\/yachtletters\/wp-json\/wp\/v2\/users\/1"}],"replies":[{"embeddable":true,"href":"https:\/\/www.novilis.at\/yachtletters\/wp-json\/wp\/v2\/comments?post=16"}],"version-history":[{"count":8,"href":"https:\/\/www.novilis.at\/yachtletters\/wp-json\/wp\/v2\/pages\/16\/revisions"}],"predecessor-version":[{"id":965,"href":"https:\/\/www.novilis.at\/yachtletters\/wp-json\/wp\/v2\/pages\/16\/revisions\/965"}],"wp:attachment":[{"href":"https:\/\/www.novilis.at\/yachtletters\/wp-json\/wp\/v2\/media?parent=16"}],"curies":[{"name":"wp","href":"https:\/\/api.w.org\/{rel}","templated":true}]}}